{"id":81,"date":"2025-02-20T13:41:39","date_gmt":"2025-02-20T13:41:39","guid":{"rendered":"https:\/\/mellanaplant.fi\/startsida\/"},"modified":"2026-03-31T12:23:32","modified_gmt":"2026-03-31T12:23:32","slug":"startsida","status":"publish","type":"page","link":"https:\/\/mellanaplant.fi\/sv\/","title":{"rendered":"Startsida"},"content":{"rendered":"<div class=\"et_pb_section_0 et_pb_section et_pb_fullwidth_section et_section_regular et_block_section\">\n<div class=\"et_pb_fullwidth_slider_0 et_pb_slider et_pb_module\"><div class=\"et_pb_slides\">\n<div class=\"et_pb_slide_0 et_pb_slide et_pb_media_alignment_center et_pb_bg_layout_dark\" data-slide-id=\"divi\/slide-0\"><div class=\"et_pb_container\"><div class=\"et_pb_slider_container_inner\"><div class=\"et_pb_slide_description\"><h1 class=\"et_pb_slide_title\">\u00d6ver 60 \u00e5r av nya kols\u00e4nkor i finska skogar<\/h1><\/div><\/div><\/div><\/div>\n<\/div><\/div>\n<\/div>\n\n<div class=\"et_pb_section_1 et_pb_section et_section_regular et_block_section\">\n<div class=\"et_pb_row_0 et_pb_row et_flex_row\">\n<div class=\"et_pb_column_0 et_pb_column et_block_column et_pb_column_empty et_pb_css_mix_blend_mode_passthrough et_flex_column_1_5 et_flex_column_1_5_tablet et_flex_column_24_24_phone et_flex_column_24_24_phoneWide et_flex_column_1_5_tabletWide et_flex_column_1_5_widescreen et_flex_column_1_5_ultraWide\"><\/div>\n\n<div class=\"et_pb_column_1 et_pb_column et_flex_column et_pb_css_mix_blend_mode_passthrough et_flex_column_3_5 et_flex_column_3_5_tablet et_flex_column_24_24_phone et_flex_column_24_24_phoneWide et_flex_column_3_5_tabletWide et_flex_column_3_5_widescreen et_flex_column_3_5_ultraWide\">\n<div class=\"et_pb_text_0 et_pb_text et_pb_bg_layout_light et_pb_module et_block_module\"><div class=\"et_pb_text_inner\"><h1>En god uppv\u00e4xt \u00e4r f\u00f6rsta steget till en livskraftig skog<\/h1>\n<\/div><\/div>\n<\/div>\n\n<div class=\"et_pb_column_2 et_pb_column et-last-child et_flex_column et_pb_column_empty et_pb_css_mix_blend_mode_passthrough et_flex_column_1_5 et_flex_column_1_5_tablet et_flex_column_24_24_phone et_flex_column_24_24_phoneWide et_flex_column_1_5_tabletWide et_flex_column_1_5_widescreen et_flex_column_1_5_ultraWide\"><\/div>\n<\/div>\n<\/div>\n\n<div class=\"et_pb_section_2 et_pb_section et_section_regular et_flex_section\">\n<div class=\"et_pb_row_1 et_pb_row et_flex_row\">\n<div class=\"et_pb_column_3 et_pb_column et_flex_column et_pb_css_mix_blend_mode_passthrough et_flex_column_12_24 et_flex_column_12_24_tablet et_flex_column_24_24_phone et_flex_column_24_24_phoneWide et_flex_column_12_24_tabletWide et_flex_column_12_24_widescreen et_flex_column_12_24_ultraWide\">\n<div class=\"et_pb_text_1 et_pb_text et_pb_bg_layout_light et_pb_module et_block_module\"><div class=\"et_pb_text_inner\"><p>Mellan\u00e5 Plant \u00e4r en privat\u00e4gd plantskola, som har f\u00f6rsett skogsplantor till Nordens skogar sedan 1965.<\/p>\n<p>Den \u00e5rliga m\u00e4ngden \u00e4r cirka 25 miljoner h\u00f6gkvalitativa skogsplantor som planteras b\u00e5de p\u00e5 v\u00e5ren och h\u00f6sten. Tall, gran och v\u00e5rtbj\u00f6rk h\u00f6r till de vanligaste tr\u00e4dslagen, men f\u00f6r att bevara den biologiska m\u00e5ngfalden erbjuder vi \u00e4ven l\u00e4rk, ek och klibbal. <\/p>\n<p>Samtliga plantor \u00e4r t\u00e4ckrotsplantor, vilket underl\u00e4ttar planteringen i skogen.<\/p>\n<\/div><\/div>\n\n<div class=\"et_pb_text_2 et_pb_text et_pb_bg_layout_light et_pb_module et_block_module\"><div class=\"et_pb_text_inner\"><h6><em>Observera att Mellan\u00e5 Plant endast levererar plantor till grossistkunder via f\u00f6rbest\u00e4llning, vi har ingen detaljhandelsf\u00f6rs\u00e4ljning. Plantor kan k\u00f6pas via din lokala skogsspecialist. <\/em><\/h6>\n<\/div><\/div>\n<\/div>\n\n<div class=\"et_pb_column_4 et_pb_column et-last-child et_flex_column et_pb_css_mix_blend_mode_passthrough et_flex_column_12_24 et_flex_column_12_24_tablet et_flex_column_24_24_phone et_flex_column_24_24_phoneWide et_flex_column_12_24_tabletWide et_flex_column_12_24_widescreen et_flex_column_12_24_ultraWide\">\n<div class=\"et_pb_image_0 et_pb_image et_pb_module et_block_module\"><a href=\"https:\/\/mellanaplant.fi\/wp-content\/uploads\/2025\/09\/lentokuva1.jpg\" title=\"Lentokuva Mellan\u00e5 Plant\" class=\"et_pb_lightbox_image\" alt=\"Lentokuva Mellan\u00e5 Plant\"><span class=\"et_pb_image_wrap\"><img loading=\"lazy\" decoding=\"async\" src=\"https:\/\/mellanaplant.fi\/wp-content\/uploads\/2025\/09\/lentokuva1.jpg\" alt=\"Lentokuva Mellan\u00e5 Plant\" width=\"1920\" height=\"1080\" srcset=\"https:\/\/mellanaplant.fi\/wp-content\/uploads\/2025\/09\/lentokuva1.jpg 1920w, https:\/\/mellanaplant.fi\/wp-content\/uploads\/2025\/09\/lentokuva1-1280x720.jpg 1280w, https:\/\/mellanaplant.fi\/wp-content\/uploads\/2025\/09\/lentokuva1-980x551.jpg 980w, https:\/\/mellanaplant.fi\/wp-content\/uploads\/2025\/09\/lentokuva1-480x270.jpg 480w\" sizes=\"(min-width: 0px) and (max-width: 480px) 480px, (min-width: 481px) and (max-width: 980px) 980px, (min-width: 981px) and (max-width: 1280px) 1280px, (min-width: 1281px) 1920px, 100vw\" class=\"wp-image-1268\" \/><\/span><\/a><\/div>\n<\/div>\n<\/div>\n<\/div>","protected":false},"excerpt":{"rendered":"","protected":false},"author":1,"featured_media":0,"parent":0,"menu_order":0,"comment_status":"closed","ping_status":"closed","template":"","meta":{"footnotes":""},"class_list":["post-81","page","type-page","status-publish","hentry"],"_links":{"self":[{"href":"https:\/\/mellanaplant.fi\/sv\/wp-json\/wp\/v2\/pages\/81","targetHints":{"allow":["GET"]}}],"collection":[{"href":"https:\/\/mellanaplant.fi\/sv\/wp-json\/wp\/v2\/pages"}],"about":[{"href":"https:\/\/mellanaplant.fi\/sv\/wp-json\/wp\/v2\/types\/page"}],"author":[{"embeddable":true,"href":"https:\/\/mellanaplant.fi\/sv\/wp-json\/wp\/v2\/users\/1"}],"replies":[{"embeddable":true,"href":"https:\/\/mellanaplant.fi\/sv\/wp-json\/wp\/v2\/comments?post=81"}],"version-history":[{"count":5,"href":"https:\/\/mellanaplant.fi\/sv\/wp-json\/wp\/v2\/pages\/81\/revisions"}],"predecessor-version":[{"id":1579,"href":"https:\/\/mellanaplant.fi\/sv\/wp-json\/wp\/v2\/pages\/81\/revisions\/1579"}],"wp:attachment":[{"href":"https:\/\/mellanaplant.fi\/sv\/wp-json\/wp\/v2\/media?parent=81"}],"curies":[{"name":"wp","href":"https:\/\/api.w.org\/{rel}","templated":true}]}}