{"id":503,"date":"2025-03-24T11:24:22","date_gmt":"2025-03-24T11:24:22","guid":{"rendered":"https:\/\/mellanaplant.fi\/kontaktuppgifter\/"},"modified":"2025-09-11T12:34:11","modified_gmt":"2025-09-11T12:34:11","slug":"kontaktuppgifter","status":"publish","type":"page","link":"https:\/\/mellanaplant.fi\/sv\/kontaktuppgifter\/","title":{"rendered":"Kontaktuppgifter"},"content":{"rendered":"<div class=\"et_pb_section_0 et_pb_section et_section_regular et_block_section\">\n<div class=\"et_pb_row_0 et_pb_row et_flex_row\">\n<div class=\"et_pb_column_0 et_pb_column et_block_column et_pb_column_empty et_pb_css_mix_blend_mode_passthrough et_flex_column_24_24 et_flex_column_24_24_tablet et_flex_column_24_24_phone et_flex_column_24_24_phoneWide et_flex_column_24_24_tabletWide et_flex_column_24_24_widescreen et_flex_column_24_24_ultraWide\"><\/div>\n\n<div class=\"et_pb_column_1 et_pb_column et_flex_column et_pb_css_mix_blend_mode_passthrough et_flex_column_24_24 et_flex_column_24_24_tablet et_flex_column_24_24_phone et_flex_column_24_24_phoneWide et_flex_column_24_24_tabletWide et_flex_column_24_24_widescreen et_flex_column_24_24_ultraWide\">\n<div class=\"et_pb_text_0 et_pb_text et_pb_bg_layout_light et_pb_module et_flex_module\"><div class=\"et_pb_text_inner\"><h1>Kontaktuppgifter<\/h1>\n<\/div><\/div>\n<\/div>\n\n<div class=\"et_pb_column_2 et_pb_column et-last-child et_flex_column et_pb_column_empty et_pb_css_mix_blend_mode_passthrough et_flex_column_24_24 et_flex_column_24_24_tablet et_flex_column_24_24_phone et_flex_column_24_24_phoneWide et_flex_column_24_24_tabletWide et_flex_column_24_24_widescreen et_flex_column_24_24_ultraWide\"><\/div>\n<\/div>\n<\/div>\n\n<div class=\"et_pb_section_1 et_pb_section et_section_regular et_block_section\">\n<div class=\"et_pb_row_1 et_pb_row et_block_row\">\n<div class=\"et_pb_column_3 et_pb_column et_pb_column_1_2 et_block_column et_pb_css_mix_blend_mode_passthrough\">\n<div class=\"et_pb_text_1 et_pb_text et_pb_bg_layout_light et_pb_module et_flex_module\"><div class=\"et_pb_text_inner\"><h4>Bes\u00f6ks- och postadress:<\/h4>\n<h3>AB MELLAN\u00c5 PLANT OY<br \/>Mellan\u00e5v\u00e4gen 33<br \/>64320 Dagsmark\/Kristinestad<\/h3>\n<\/div><\/div>\n\n<div class=\"et_pb_text_2 et_pb_text et_pb_bg_layout_light et_pb_module et_flex_module\"><div class=\"et_pb_text_inner\"><h4>Kontor<\/h4>\n<h5>Minna Heiniluoma<\/h5>\n<p><a href=\"tel:+35862292211\">06 229 2211<\/a> (+358 6229 2211)<br \/><a href=\"&#x6d;a&#x69;l&#x74;&#111;&#x3a;&#109;i&#x6e;n&#x61;&#46;&#x68;&#101;&#x69;&#110;i&#x6c;u&#x6f;&#109;&#x61;&#64;&#x6d;&#x65;l&#x6c;a&#x6e;&#97;&#x70;&#108;a&#x6e;t&#x2e;&#102;&#x69;\">m&#105;&#110;&#x6e;&#x61;&#46;&#104;&#101;&#x69;&#x6e;&#x69;l&#117;&#111;&#x6d;&#x61;&#64;m&#101;&#x6c;&#x6c;&#x61;n&#97;&#112;&#x6c;&#x61;nt&#46;&#x66;&#x69;<\/a><br \/><a href=\"&#x6d;&#x61;&#x69;&#x6c;&#116;&#111;&#58;in&#x66;&#x6f;&#x40;&#x6d;&#x65;&#108;&#108;&#97;na&#x70;&#x6c;&#x61;&#x6e;&#x74;&#46;&#102;&#105;\">&#x69;&#110;f&#x6f;&#x40;&#109;e&#x6c;&#108;a&#x6e;&#x61;&#112;l&#x61;&#110;t&#x2e;&#x66;&#105;<\/a><\/p>\n<\/div><\/div>\n\n<div class=\"et_pb_text_3 et_pb_text et_pb_bg_layout_light et_pb_module et_flex_module\"><div class=\"et_pb_text_inner\"><h4>Vd<\/h4>\n<h5>Rainer Bodman<\/h5>\n<p><a href=\"tel:+358405460274\">+358 40 546 0274<\/a><br \/><a href=\"&#x6d;a&#x69;&#108;&#x74;&#x6f;:&#x72;&#97;&#x69;&#x6e;e&#x72;&#46;&#x62;&#x6f;d&#x6d;&#97;&#x6e;&#x40;m&#x65;&#108;&#x6c;&#x61;n&#x61;&#112;&#x6c;&#x61;n&#x74;&#46;&#x66;&#x69;\">r&#97;&#105;&#x6e;&#x65;&#x72;&#x2e;b&#111;&#100;&#109;&#x61;&#x6e;&#x40;me&#108;&#108;&#x61;&#x6e;&#x61;pl&#97;&#110;&#x74;&#x2e;&#x66;i<\/a><\/p>\n<\/div><\/div>\n\n<div class=\"et_pb_text_4 et_pb_text et_pb_bg_layout_light et_pb_module et_flex_module\"><div class=\"et_pb_text_inner\"><h4>Produktionschef<\/h4>\n<h5>Max Ekman<\/h5>\n<p><a href=\"tel:+358503404463\">+358 50 340 4463<\/a><br \/><a href=\"&#x6d;&#x61;&#105;l&#x74;&#x6f;&#x3a;&#109;a&#x78;&#x2e;&#x65;&#107;m&#x61;&#x6e;&#x40;&#109;e&#x6c;&#x6c;&#x61;&#110;a&#x70;&#x6c;&#x61;&#110;t&#x2e;&#x66;&#x69;\">&#x6d;&#97;&#x78;&#x2e;e&#x6b;&#109;a&#x6e;&#64;m&#x65;&#108;&#x6c;&#x61;n&#x61;&#112;l&#x61;&#110;t&#x2e;&#102;&#x69;<\/a><\/p>\n<\/div><\/div>\n\n<div class=\"et_pb_text_5 et_pb_text et_pb_bg_layout_light et_pb_module et_flex_module\"><div class=\"et_pb_text_inner\"><h4>Produkt- och kundchef<\/h4>\n<h5>Tommy Backlund<\/h5>\n<p><a href=\"tel:+358400137455\">+358 40 013 7455<\/a><br \/><a href=\"&#109;&#x61;&#x69;l&#116;&#x6f;:&#116;&#x6f;m&#109;&#x79;&#46;&#98;&#x61;&#x63;&#107;&#x6c;&#x75;n&#100;&#x40;m&#101;&#x6c;l&#97;&#x6e;&#x61;&#112;&#x6c;&#x61;n&#116;&#x2e;f&#105;\">tom&#109;&#121;&#46;&#98;&#x61;&#x63;&#x6b;&#x6c;&#x75;&#x6e;&#x64;&#64;me&#108;&#108;&#97;&#110;&#97;&#x70;&#x6c;&#x61;&#x6e;&#x74;&#x2e;fi<\/a><\/p>\n<\/div><\/div>\n\n<div class=\"et_pb_text_6 et_pb_text et_pb_bg_layout_light et_pb_module et_flex_module\"><div class=\"et_pb_text_inner\"><h4>Fakturering<\/h4>\n<h5>E-fakturor<\/h5>\n<p>Operat\u00f6r: Maventa Oy<\/p>\n<p>Operat\u00f6rskod: 003721291126<\/p>\n<p>Adress: 003724095999<\/p>\n<p>Med n\u00e4tfakura kan mottas bildfiler eller andra bilagor i PDF-form.<\/p>\n<p>Fakturor via e-post: <a href=\"mai&#108;&#116;&#111;&#58;&#x69;&#x6e;&#x66;&#x6f;&#x40;&#x6d;&#x65;lla&#110;&#97;&#112;&#108;&#97;&#x6e;&#x74;&#x2e;&#x66;&#x69;\">&#x69;&#x6e;&#102;&#111;&#64;&#x6d;&#x65;&#x6c;&#108;an&#x61;&#x70;&#108;&#97;n&#x74;&#x2e;&#x66;&#105;<\/a><\/p>\n<\/div><\/div>\n<\/div>\n\n<div class=\"et_pb_column_4 et_pb_column et_pb_column_1_2 et-last-child et_block_column et_pb_css_mix_blend_mode_passthrough\">\n<div class=\"et_pb_text_7 et_pb_text et_pb_bg_layout_light et_pb_module et_flex_module\"><div class=\"et_pb_text_inner\"><h4>Kontaktformul\u00e4r<\/h4>\n<p><em>Observera att Mellan\u00e5 Plant endast levererar plantor till grossistkunder via f\u00f6rbest\u00e4llning, vi har ingen detaljhandelsf\u00f6rs\u00e4ljning. Plantor kan k\u00f6pas via din lokala skogsspecialist. <\/em><\/p>\n<\/div><\/div>\n\n<div class=\"et_pb_contact_form_0 et_pb_contact_form_container clearfix et_pb_module et_flex_module\" data-form_unique_num=\"0\" data-form_unique_id=\"7067d836e5cc6b8d0df5f1ee01accc26\" id=\"et_pb_contact_form_7067d836e5cc6b8d0df5f1ee01accc26\"><div class=\"et-pb-contact-message\"><\/div><div class=\"et_pb_contact\"><form class=\"et_pb_contact_form et_flex_module\" method=\"post\" action=\"https:\/\/mellanaplant.fi\/sv\/wp-json\/wp\/v2\/pages\/503\">\n<div class=\"et_pb_contact_field_0 et_pb_contact_field et_pb_module et_flex_module et_flex_column_24_24 et_flex_column_24_24_tablet et_flex_column_24_24_phone et_flex_column_24_24_phoneWide et_flex_column_24_24_tabletWide et_flex_column_24_24_widescreen et_flex_column_24_24_ultraWide\" data-id=\"nimi\" data-type=\"input\"><label class=\"et_pb_contact_form_label\" for=\"et_pb_contact_0_nimi_0\">Namn<\/label><input type=\"text\" name=\"et_pb_contact_0_nimi_0\" id=\"et_pb_contact_0_nimi_0\" class=\"input\" data-required_mark=\"required\" data-field_type=\"input\" data-original_id=\"nimi\" placeholder=\"Namn\" title=\"\" value=\"\" \/><\/div>\n\n<div class=\"et_pb_contact_field_1 et_pb_contact_field et_pb_module et_flex_module et_flex_column_24_24 et_flex_column_24_24_tablet et_flex_column_24_24_phone et_flex_column_24_24_phoneWide et_flex_column_24_24_tabletWide et_flex_column_24_24_widescreen et_flex_column_24_24_ultraWide\" data-id=\"yritys\" data-type=\"input\"><label class=\"et_pb_contact_form_label\" for=\"et_pb_contact_0_yritys_1\">F\u00f6retag<\/label><input type=\"text\" name=\"et_pb_contact_0_yritys_1\" id=\"et_pb_contact_0_yritys_1\" class=\"input\" data-required_mark=\"required\" data-field_type=\"input\" data-original_id=\"yritys\" placeholder=\"F\u00f6retag\" title=\"\" value=\"\" \/><\/div>\n\n<div class=\"et_pb_contact_field_2 et_pb_contact_field et_pb_module et_flex_module et_flex_column_24_24 et_flex_column_24_24_tablet et_flex_column_24_24_phone et_flex_column_24_24_phoneWide et_flex_column_24_24_tabletWide et_flex_column_24_24_widescreen et_flex_column_24_24_ultraWide\" data-id=\"email\" data-type=\"email\"><label class=\"et_pb_contact_form_label\" for=\"et_pb_contact_0_email_2\">E-postadress<\/label><input type=\"text\" name=\"et_pb_contact_0_email_2\" id=\"et_pb_contact_0_email_2\" class=\"input\" data-required_mark=\"required\" data-field_type=\"email\" data-original_id=\"email\" placeholder=\"E-postadress\" title=\"\" value=\"\" \/><\/div>\n\n<div class=\"et_pb_contact_field_3 et_pb_contact_field et_pb_module et_flex_module et_flex_column_24_24 et_flex_column_24_24_tablet et_flex_column_24_24_phone et_flex_column_24_24_phoneWide et_flex_column_24_24_tabletWide et_flex_column_24_24_widescreen et_flex_column_24_24_ultraWide\" data-id=\"puhelin\" data-type=\"input\"><label class=\"et_pb_contact_form_label\" for=\"et_pb_contact_0_puhelin_3\">Telefon<\/label><input type=\"text\" name=\"et_pb_contact_0_puhelin_3\" id=\"et_pb_contact_0_puhelin_3\" class=\"input\" data-required_mark=\"required\" data-field_type=\"input\" data-original_id=\"puhelin\" placeholder=\"Telefon\" title=\"\" value=\"\" \/><\/div>\n\n<div class=\"et_pb_contact_field_4 et_pb_contact_field et_pb_module et_flex_module et_flex_column_24_24 et_flex_column_24_24_tablet et_flex_column_24_24_phone et_flex_column_24_24_phoneWide et_flex_column_24_24_tabletWide et_flex_column_24_24_widescreen et_flex_column_24_24_ultraWide\" data-id=\"message\" data-type=\"text\"><label class=\"et_pb_contact_form_label\" for=\"et_pb_contact_0_message_4\">Meddelande<\/label><textarea name=\"et_pb_contact_0_message_4\" id=\"et_pb_contact_0_message_4\" class=\"et_pb_contact_message input\" data-required_mark=\"required\" data-field_type=\"text\" data-original_id=\"message\" placeholder=\"Meddelande\"><\/textarea><\/div>\n<input type=\"hidden\" name=\"et_pb_contactform_submit_7067d836e5cc6b8d0df5f1ee01accc26\" value=\"et_contact_proccess\" \/><div class=\"et_contact_bottom_container\"><div class=\"et_pb_contact_right et_pb_contact_field\"><p class=\"clearfix\"><label><span class=\"et_pb_contact_captcha_question\">8 + 1<\/span> = <input type=\"text\" size=\"2\" class=\"input et_pb_contact_captcha\" data-first_digit=\"8\" data-second_digit=\"1\" data-required_mark=\"required\" name=\"et_pb_contact_captcha_7067d836e5cc6b8d0df5f1ee01accc26\" autocomplete=\"off\" \/><\/label><\/p><\/div><div class=\"et_pb_button_wrapper\"><button type=\"submit\" name=\"et_builder_submit_button\" class=\"et_pb_button et_pb_contact_submit\">Skicka<\/button><\/div><\/div><input type=\"hidden\" id=\"_wpnonce-et-pb-contact-form-submitted-7067d836e5cc6b8d0df5f1ee01accc26\" name=\"_wpnonce-et-pb-contact-form-submitted-7067d836e5cc6b8d0df5f1ee01accc26\" value=\"29489b6359\" \/><input type=\"hidden\" name=\"_wp_http_referer\" value=\"\/sv\/wp-json\/wp\/v2\/pages\/503\" \/><\/form><\/div><\/div>\n<\/div>\n<\/div>\n<\/div>","protected":false},"excerpt":{"rendered":"","protected":false},"author":1,"featured_media":0,"parent":0,"menu_order":0,"comment_status":"closed","ping_status":"closed","template":"","meta":{"footnotes":""},"class_list":["post-503","page","type-page","status-publish","hentry"],"_links":{"self":[{"href":"https:\/\/mellanaplant.fi\/sv\/wp-json\/wp\/v2\/pages\/503","targetHints":{"allow":["GET"]}}],"collection":[{"href":"https:\/\/mellanaplant.fi\/sv\/wp-json\/wp\/v2\/pages"}],"about":[{"href":"https:\/\/mellanaplant.fi\/sv\/wp-json\/wp\/v2\/types\/page"}],"author":[{"embeddable":true,"href":"https:\/\/mellanaplant.fi\/sv\/wp-json\/wp\/v2\/users\/1"}],"replies":[{"embeddable":true,"href":"https:\/\/mellanaplant.fi\/sv\/wp-json\/wp\/v2\/comments?post=503"}],"version-history":[{"count":5,"href":"https:\/\/mellanaplant.fi\/sv\/wp-json\/wp\/v2\/pages\/503\/revisions"}],"predecessor-version":[{"id":1159,"href":"https:\/\/mellanaplant.fi\/sv\/wp-json\/wp\/v2\/pages\/503\/revisions\/1159"}],"wp:attachment":[{"href":"https:\/\/mellanaplant.fi\/sv\/wp-json\/wp\/v2\/media?parent=503"}],"curies":[{"name":"wp","href":"https:\/\/api.w.org\/{rel}","templated":true}]}}