{"id":442,"date":"2025-03-24T12:48:18","date_gmt":"2025-03-24T12:48:18","guid":{"rendered":"https:\/\/mellanaplant.fi\/etiska-principer\/"},"modified":"2025-04-24T13:34:46","modified_gmt":"2025-04-24T13:34:46","slug":"etiska-principer","status":"publish","type":"page","link":"https:\/\/mellanaplant.fi\/sv\/etiska-principer\/","title":{"rendered":"Etiska principer"},"content":{"rendered":"<div class=\"et_pb_section_0 et_pb_section et_section_regular et_flex_section\">\n<div class=\"et_pb_row_0 et_pb_row et_flex_row\">\n<div class=\"et_pb_column_0 et_pb_column et-last-child et_flex_column et_pb_css_mix_blend_mode_passthrough et_flex_column_24_24 et_flex_column_24_24_tablet et_flex_column_24_24_phone et_flex_column_24_24_phoneWide et_flex_column_24_24_tabletWide et_flex_column_24_24_widescreen et_flex_column_24_24_ultraWide\">\n<div class=\"et_pb_text_0 et_pb_text et_pb_bg_layout_light et_pb_module et_flex_module\"><div class=\"et_pb_text_inner\"><h1>V\u00e5rt f\u00f6retag v\u00e4rdes\u00e4tter<\/h1>\n<\/div><\/div>\n<\/div>\n<\/div>\n<\/div>\n\n<div class=\"et_pb_section_1 et_pb_section et_section_regular et_flex_section\">\n<div class=\"et_pb_row_1 et_pb_row et_flex_row\">\n<div class=\"et_pb_column_1 et_pb_column et_flex_column et_pb_css_mix_blend_mode_passthrough et_flex_column_24_24 et_flex_column_24_24_tablet et_flex_column_24_24_phone et_flex_column_24_24_phoneWide et_flex_column_24_24_tabletWide et_flex_column_24_24_widescreen et_flex_column_24_24_ultraWide\">\n<div class=\"et_pb_text_1 et_pb_text et_pb_bg_layout_light et_pb_module et_flex_module\"><div class=\"et_pb_text_inner\"><h2>Vi f\u00f6ljer lagen<\/h2>\n<p>&nbsp;<\/p>\n<h2>Vi respekterar de m\u00e4nskliga r\u00e4ttigheterna<\/h2>\n<p>&nbsp;<\/p>\n<h2>Vi anv\u00e4nder oss inte av barnarbetskraft<\/h2>\n<p>&nbsp;<\/p>\n<h2>Vi f\u00f6ljer g\u00e4llande kollektivavtal<\/h2>\n<p>&nbsp;<\/p>\n<h2>Vi uppr\u00e4tth\u00e5ller h\u00e4lsosam arbetsmilj\u00f6 och god arbetss\u00e4kerhet<\/h2>\n<p>&nbsp;<\/p>\n<h2>Vi f\u00f6ljer milj\u00f6anvisningarna<\/h2>\n<p>&nbsp;<\/p>\n<h2>Vi godk\u00e4nner inte korruption<\/h2>\n<p>&nbsp;<\/p>\n<h2>Vi tolererar inte diskriminering eller ol\u00e4mplig bem\u00f6tande<\/h2>\n<\/div><\/div>\n<\/div>\n\n<div class=\"et_pb_column_2 et_pb_column et-last-child et_flex_column et_pb_css_mix_blend_mode_passthrough et_flex_column_24_24 et_flex_column_24_24_tablet et_flex_column_24_24_phone et_flex_column_24_24_phoneWide et_flex_column_24_24_tabletWide et_flex_column_24_24_widescreen et_flex_column_24_24_ultraWide\">\n<div class=\"et_pb_image_0 et_pb_image et_pb_module et_flex_module\"><span class=\"et_pb_image_wrap\"><img loading=\"lazy\" decoding=\"async\" src=\"https:\/\/mellanaplant.fi\/wp-content\/uploads\/2025\/03\/Lagen.jpg\" title=\"Lagen\" width=\"1417\" height=\"1890\" srcset=\"https:\/\/mellanaplant.fi\/wp-content\/uploads\/2025\/03\/Lagen.jpg 1417w, https:\/\/mellanaplant.fi\/wp-content\/uploads\/2025\/03\/Lagen-1280x1707.jpg 1280w, https:\/\/mellanaplant.fi\/wp-content\/uploads\/2025\/03\/Lagen-980x1307.jpg 980w, https:\/\/mellanaplant.fi\/wp-content\/uploads\/2025\/03\/Lagen-480x640.jpg 480w\" sizes=\"(min-width: 0px) and (max-width: 480px) 480px, (min-width: 481px) and (max-width: 980px) 980px, (min-width: 981px) and (max-width: 1280px) 1280px, (min-width: 1281px) 1417px, 100vw\" class=\"wp-image-138\" \/><\/span><\/div>\n<\/div>\n<\/div>\n<\/div>","protected":false},"excerpt":{"rendered":"","protected":false},"author":1,"featured_media":0,"parent":0,"menu_order":0,"comment_status":"closed","ping_status":"closed","template":"","meta":{"footnotes":""},"class_list":["post-442","page","type-page","status-publish","hentry"],"_links":{"self":[{"href":"https:\/\/mellanaplant.fi\/sv\/wp-json\/wp\/v2\/pages\/442","targetHints":{"allow":["GET"]}}],"collection":[{"href":"https:\/\/mellanaplant.fi\/sv\/wp-json\/wp\/v2\/pages"}],"about":[{"href":"https:\/\/mellanaplant.fi\/sv\/wp-json\/wp\/v2\/types\/page"}],"author":[{"embeddable":true,"href":"https:\/\/mellanaplant.fi\/sv\/wp-json\/wp\/v2\/users\/1"}],"replies":[{"embeddable":true,"href":"https:\/\/mellanaplant.fi\/sv\/wp-json\/wp\/v2\/comments?post=442"}],"version-history":[{"count":2,"href":"https:\/\/mellanaplant.fi\/sv\/wp-json\/wp\/v2\/pages\/442\/revisions"}],"predecessor-version":[{"id":466,"href":"https:\/\/mellanaplant.fi\/sv\/wp-json\/wp\/v2\/pages\/442\/revisions\/466"}],"wp:attachment":[{"href":"https:\/\/mellanaplant.fi\/sv\/wp-json\/wp\/v2\/media?parent=442"}],"curies":[{"name":"wp","href":"https:\/\/api.w.org\/{rel}","templated":true}]}}