{"id":267,"date":"2025-03-24T12:44:43","date_gmt":"2025-03-24T12:44:43","guid":{"rendered":"https:\/\/mellanaplant.fi\/plantor\/"},"modified":"2025-09-29T05:58:43","modified_gmt":"2025-09-29T05:58:43","slug":"om-oss","status":"publish","type":"page","link":"https:\/\/mellanaplant.fi\/sv\/om-oss\/","title":{"rendered":"Om oss"},"content":{"rendered":"<div class=\"et_pb_section_0 et_pb_section et_section_regular et_block_section\">\n<div class=\"et_pb_row_0 et_pb_row et_flex_row\">\n<div class=\"et_pb_column_0 et_pb_column et_block_column et_pb_column_empty et_pb_css_mix_blend_mode_passthrough et_flex_column_24_24 et_flex_column_24_24_tablet et_flex_column_24_24_phone et_flex_column_24_24_phoneWide et_flex_column_24_24_tabletWide et_flex_column_24_24_widescreen et_flex_column_24_24_ultraWide\"><\/div>\n\n<div class=\"et_pb_column_1 et_pb_column et_flex_column et_pb_css_mix_blend_mode_passthrough et_flex_column_24_24 et_flex_column_24_24_tablet et_flex_column_24_24_phone et_flex_column_24_24_phoneWide et_flex_column_24_24_tabletWide et_flex_column_24_24_widescreen et_flex_column_24_24_ultraWide\">\n<div class=\"et_pb_text_0 et_pb_text et_pb_bg_layout_light et_pb_module et_flex_module\"><div class=\"et_pb_text_inner\"><h1>Mellan\u00e5 Plant - Historia<\/h1>\n<\/div><\/div>\n<\/div>\n\n<div class=\"et_pb_column_2 et_pb_column et-last-child et_flex_column et_pb_column_empty et_pb_css_mix_blend_mode_passthrough et_flex_column_24_24 et_flex_column_24_24_tablet et_flex_column_24_24_phone et_flex_column_24_24_phoneWide et_flex_column_24_24_tabletWide et_flex_column_24_24_widescreen et_flex_column_24_24_ultraWide\"><\/div>\n<\/div>\n<\/div>\n\n<div class=\"et_pb_section_1 et_pb_section et_section_regular et_block_section\">\n<div class=\"et_pb_row_1 et_pb_row et_block_row\">\n<div class=\"et_pb_column_3 et_pb_column et_pb_column_1_2 et_block_column et_pb_css_mix_blend_mode_passthrough\">\n<div class=\"et_pb_text_1 et_pb_text et_pb_bg_layout_light et_pb_module et_flex_module\"><div class=\"et_pb_text_inner\"><p>P\u00e5 1960-talet, n\u00e4r skogsplanteringen kom ig\u00e5ng p\u00e5 allvar, stod det klart f\u00f6r Forststyrelsen att det beh\u00f6vdes en st\u00f6rre plantskola i \u00d6sterbotten. Man besl\u00f6t att grunda Mellan\u00e5ns plantskola i Dagsmark 1965, p\u00e5 en yta av 22 hektar. <\/p>\n<p>Till en b\u00f6rjan odlades tall och mindre m\u00e4ngder gran p\u00e5 friland. Ganska snabbt byggdes plastv\u00e4xthus f\u00f6r sommarbruk. Fr\u00f6n k\u00f6ptes fr\u00e5n inhemska leverant\u00f6rer, men p\u00e5 grund av brist p\u00e5 inhemska fr\u00f6n importerades de \u00e4ven fr\u00e5n Sverige. <\/p>\n<\/div><\/div>\n<\/div>\n\n<div class=\"et_pb_column_4 et_pb_column et_pb_column_1_2 et-last-child et_block_column et_pb_css_mix_blend_mode_passthrough\">\n<div class=\"et_pb_image_0 et_pb_image et_pb_module et_flex_module\"><a href=\"https:\/\/mellanaplant.fi\/wp-content\/uploads\/2025\/08\/Xerox-skanning-20250820-103328-scaled.jpg\" class=\"et_pb_lightbox_image\"><span class=\"et_pb_image_wrap\"><img loading=\"lazy\" decoding=\"async\" src=\"https:\/\/mellanaplant.fi\/wp-content\/uploads\/2025\/08\/Xerox-skanning-20250820-103328-scaled.jpg\" width=\"1920\" height=\"1180\" sizes=\"(min-width: 0px) and (max-width: 480px) 480px, (min-width: 481px) and (max-width: 980px) 980px, (min-width: 981px) and (max-width: 1280px) 1280px, (min-width: 1281px) 2560px, 100vw\" class=\"wp-image-88\" title=\"plant-start\" \/><\/span><\/a><\/div>\n<\/div>\n<\/div>\n\n<div class=\"et_pb_row_2 et_pb_row et_block_row\">\n<div class=\"et_pb_column_5 et_pb_column et_pb_column_1_2 et_block_column et_pb_css_mix_blend_mode_passthrough\">\n<div class=\"et_pb_text_2 et_pb_text et_pb_bg_layout_light et_pb_module et_flex_module\"><div class=\"et_pb_text_inner\"><p>Under de f\u00f6rsta \u00e5ren producerades cirka 2 miljoner barrotsplantor per \u00e5r, varav 85 procent var tall och 15 procent gran. \u00c5r 1968 hade produktionen stigit till 6 miljoner plantor och plantskolan, som ursprungligen ber\u00e4knades vara \u00f6verdimensionerad, kunde inte l\u00e4ngre tillgodose efterfr\u00e5gan p\u00e5 skogsplantor. Man besl\u00f6t att grunda en filial i grannkommunen Sideby.  <\/p>\n<p>1971 arrenderades ett 15 ha omr\u00e5de i Sideby och den intilliggande f\u00f6re detta Fladan skola som gjordes till sociala utrymmen f\u00f6r personelen samt arbetshall. <\/p>\n<\/div><\/div>\n<\/div>\n\n<div class=\"et_pb_column_6 et_pb_column et_pb_column_1_2 et-last-child et_block_column et_pb_css_mix_blend_mode_passthrough\">\n<div class=\"et_pb_image_1 et_pb_image et_pb_module et_flex_module\"><a href=\"https:\/\/mellanaplant.fi\/wp-content\/uploads\/2025\/09\/historia-2_1-scaled.jpg\" class=\"et_pb_lightbox_image\"><span class=\"et_pb_image_wrap\"><img loading=\"lazy\" decoding=\"async\" src=\"https:\/\/mellanaplant.fi\/wp-content\/uploads\/2025\/09\/historia-2_1-scaled.jpg\" width=\"2560\" height=\"1699\" srcset=\"https:\/\/mellanaplant.fi\/wp-content\/uploads\/2025\/09\/historia-2_1-scaled.jpg 2560w, https:\/\/mellanaplant.fi\/wp-content\/uploads\/2025\/09\/historia-2_1-1280x850.jpg 1280w, https:\/\/mellanaplant.fi\/wp-content\/uploads\/2025\/09\/historia-2_1-980x650.jpg 980w, https:\/\/mellanaplant.fi\/wp-content\/uploads\/2025\/09\/historia-2_1-480x319.jpg 480w\" sizes=\"(min-width: 0px) and (max-width: 480px) 480px, (min-width: 481px) and (max-width: 980px) 980px, (min-width: 981px) and (max-width: 1280px) 1280px, (min-width: 1281px) 2560px, 100vw\" class=\"wp-image-1439\" title=\"plant-start\" \/><\/span><\/a><\/div>\n<\/div>\n<\/div>\n\n<div class=\"et_pb_row_3 et_pb_row et_block_row\">\n<div class=\"et_pb_column_7 et_pb_column et_pb_column_1_2 et_block_column et_pb_css_mix_blend_mode_passthrough\">\n<div class=\"et_pb_text_3 et_pb_text et_pb_bg_layout_light et_pb_module et_flex_module\"><div class=\"et_pb_text_inner\"><p>P\u00e5 1970-talet inf\u00f6rskaffades de f\u00f6rsta uppv\u00e4rmningsbara v\u00e4xthusen samt att man b\u00f6rjade \u00e4ven odla t\u00e4ckrotsplantor vid sidan om barrotsplantor. De f\u00f6rsta t\u00e4ckrotsplantorna odlades huvudsakligen i Paperpot och torvkrukor, men snart b\u00f6rjade man anv\u00e4nda styroxl\u00e5dor. <\/p>\n<p>Under 1970- och 1980-talet var \u00e5rsproduktionen ca. 8 miljoner plantor, men t\u00e4ckrotsplantans popularitet steg och produktionen kunde effektiveras, och produktionen \u00f6kade sakta men s\u00e4kert.<\/p>\n<p>&nbsp;<\/p>\n<\/div><\/div>\n<\/div>\n\n<div class=\"et_pb_column_8 et_pb_column et_pb_column_1_2 et-last-child et_block_column et_pb_css_mix_blend_mode_passthrough\">\n<div class=\"et_pb_image_2 et_pb_image et_pb_module et_flex_module\"><a href=\"https:\/\/mellanaplant.fi\/wp-content\/uploads\/2025\/08\/Xerox-skanning-20250820-102552.jpg\" class=\"et_pb_lightbox_image\"><span class=\"et_pb_image_wrap\"><img loading=\"lazy\" decoding=\"async\" src=\"https:\/\/mellanaplant.fi\/wp-content\/uploads\/2025\/08\/Xerox-skanning-20250820-102552.jpg\" width=\"1920\" height=\"1180\" sizes=\"(min-width: 0px) and (max-width: 480px) 480px, (min-width: 481px) and (max-width: 980px) 980px, (min-width: 981px) and (max-width: 1280px) 1280px, (min-width: 1281px) 2020px, 100vw\" class=\"wp-image-88\" title=\"plant-start\" \/><\/span><\/a><\/div>\n<\/div>\n<\/div>\n\n<div class=\"et_pb_row_4 et_pb_row et_block_row\">\n<div class=\"et_pb_column_9 et_pb_column et_pb_column_1_2 et_block_column et_pb_css_mix_blend_mode_passthrough\">\n<div class=\"et_pb_text_4 et_pb_text et_pb_bg_layout_light et_pb_module et_flex_module\"><div class=\"et_pb_text_inner\"><p>\u00c5r 1990 avslutades verksamheten i Sideby och produktionen koncentrerades till Dagsmark, och p\u00e5 samma g\u00e5ng byggdes nya faciliteter s\u00e5som verkstad, fryslager och produktionshall samt nya v\u00e4xthus med m\u00f6rkl\u00e4ggningsm\u00f6jligheter. Vid denna tidpunkt odlades enbart t\u00e4ckrotsplantor, tack vare effektiverad produktion \u00f6kade f\u00f6rs\u00e4ljningen utanf\u00f6r landskapets gr\u00e4nser, till exempel till S\u00f6dra \u00d6sterbotten och Nyland. Tr\u00e4dslagsf\u00f6rdelningen har ocks\u00e5 \u00e4ndrats under \u00e5ren, granen steg i popularitet och tallen minskade. 1998 k\u00f6pte Mellan\u00e5 Plant Lapuan taimitarha och kunde s\u00e5ledes \u00f6ka f\u00f6rs\u00e4ljningen av plantor till\u00a0 S\u00f6dra \u00d6sterbotten.<\/p>\n<\/div><\/div>\n<\/div>\n\n<div class=\"et_pb_column_10 et_pb_column et_pb_column_1_2 et-last-child et_block_column et_pb_css_mix_blend_mode_passthrough\">\n<div class=\"et_pb_image_3 et_pb_image et_pb_module et_flex_module\"><a href=\"https:\/\/mellanaplant.fi\/wp-content\/uploads\/2025\/08\/Xerox-skanning-20250820-103053.jpg\" class=\"et_pb_lightbox_image\"><span class=\"et_pb_image_wrap\"><img loading=\"lazy\" decoding=\"async\" src=\"https:\/\/mellanaplant.fi\/wp-content\/uploads\/2025\/08\/Xerox-skanning-20250820-103053.jpg\" width=\"1920\" height=\"1180\" sizes=\"(min-width: 0px) and (max-width: 480px) 480px, (min-width: 481px) and (max-width: 980px) 980px, (min-width: 981px) and (max-width: 1280px) 1280px, (min-width: 1281px) 2356px, 100vw\" class=\"wp-image-88\" title=\"plant-start\" \/><\/span><\/a><\/div>\n<\/div>\n<\/div>\n\n<div class=\"et_pb_row_5 et_pb_row et_block_row\">\n<div class=\"et_pb_column_11 et_pb_column et_pb_column_1_2 et_block_column et_pb_css_mix_blend_mode_passthrough\">\n<div class=\"et_pb_text_5 et_pb_text et_pb_bg_layout_light et_pb_module et_flex_module\"><div class=\"et_pb_text_inner\"><p>Under 2000-talets f\u00f6rsta \u00e5rtionde \u00f6kade\u00a0 produktionen och det byggdes nya\u00a0 fryslager samt v\u00e4xthus. 2002 blev Sydplant Ab, bel\u00e4get i Eken\u00e4s dotterbolag till Mellan\u00e5 Plant. Bolaget fusionerades \u00e5rsen 2006-2007 varefter verksamheten i Eken\u00e4s avslutades. \u00c5rsproduktionen var ca. 12 miljoner plantor \u00e5r 2002 i Dagsmark. F\u00f6r att s\u00e4kerst\u00e4lla h\u00f6gkvalitativa plantor investerades det i l\u00e5ngnattsbehadling p\u00e5 uteramperna i b\u00f6rjan p\u00e5 2000-talet. \u00c5r 2007 var f\u00f6rsta \u00e5ret d\u00e5 det odlades mera gran \u00e4n tall, samt att v\u00e5rtbj\u00f6rk och l\u00e4rk \u00f6kade i popularitet.<\/p>\n<p>Det fj\u00e4rde fryslagret byggdes 2007. Verksamheten p\u00e5 Lapuan taimitarha avslutades \u00e5r 2009.<\/p>\n<\/div><\/div>\n<\/div>\n\n<div class=\"et_pb_column_12 et_pb_column et_pb_column_1_2 et-last-child et_block_column et_pb_css_mix_blend_mode_passthrough\">\n<div class=\"et_pb_image_4 et_pb_image et_pb_module et_flex_module\"><a href=\"https:\/\/mellanaplant.fi\/wp-content\/uploads\/2025\/08\/Xerox-skanning-20250820-103147.jpg\" class=\"et_pb_lightbox_image\"><span class=\"et_pb_image_wrap\"><img loading=\"lazy\" decoding=\"async\" src=\"https:\/\/mellanaplant.fi\/wp-content\/uploads\/2025\/08\/Xerox-skanning-20250820-103147.jpg\" width=\"1920\" height=\"1180\" sizes=\"(min-width: 0px) and (max-width: 480px) 480px, (min-width: 481px) and (max-width: 980px) 980px, (min-width: 981px) and (max-width: 1280px) 1280px, (min-width: 1281px) 2307px, 100vw\" class=\"wp-image-88\" title=\"plant-start\" \/><\/span><\/a><\/div>\n<\/div>\n<\/div>\n\n<div class=\"et_pb_row_6 et_pb_row et_block_row\">\n<div class=\"et_pb_column_13 et_pb_column et_pb_column_1_2 et_block_column et_pb_css_mix_blend_mode_passthrough\">\n<div class=\"et_pb_text_6 et_pb_text et_pb_bg_layout_light et_pb_module et_flex_module\"><div class=\"et_pb_text_inner\"><p>I takt med att produktionen \u00f6kade beh\u00f6vdes mera fryslagerkapacitet. Det femte fryslagret togs i bruk 2017 och s\u00e5ledes kunde hela v\u00e5rens behov fryslagras.<br \/>2024 uppr\u00e4ttades en lagerhall p\u00e5 1000 m2 och 2025 inf\u00f6rskaffades Mellan\u00e5 Plants tredje lastbil.<\/p>\n<p>I b\u00f6rjan p\u00e5 2026 blir plantskolans nionde v\u00e4xthus klart.<\/p>\n<\/div><\/div>\n<\/div>\n\n<div class=\"et_pb_column_14 et_pb_column et_pb_column_1_2 et-last-child et_block_column et_pb_css_mix_blend_mode_passthrough\">\n<div class=\"et_pb_image_5 et_pb_image et_pb_module et_flex_module\"><a href=\"https:\/\/mellanaplant.fi\/wp-content\/uploads\/2025\/08\/6-scaled.jpg\" class=\"et_pb_lightbox_image\"><span class=\"et_pb_image_wrap\"><img loading=\"lazy\" decoding=\"async\" src=\"https:\/\/mellanaplant.fi\/wp-content\/uploads\/2025\/08\/6-scaled.jpg\" width=\"1920\" height=\"1180\" sizes=\"(min-width: 0px) and (max-width: 480px) 480px, (min-width: 481px) and (max-width: 980px) 980px, (min-width: 981px) and (max-width: 1280px) 1280px, (min-width: 1281px) 2560px, 100vw\" class=\"wp-image-88\" title=\"plant-start\" \/><\/span><\/a><\/div>\n<\/div>\n<\/div>\n<\/div>","protected":false},"excerpt":{"rendered":"","protected":false},"author":1,"featured_media":0,"parent":0,"menu_order":0,"comment_status":"closed","ping_status":"closed","template":"","meta":{"footnotes":""},"class_list":["post-267","page","type-page","status-publish","hentry"],"_links":{"self":[{"href":"https:\/\/mellanaplant.fi\/sv\/wp-json\/wp\/v2\/pages\/267","targetHints":{"allow":["GET"]}}],"collection":[{"href":"https:\/\/mellanaplant.fi\/sv\/wp-json\/wp\/v2\/pages"}],"about":[{"href":"https:\/\/mellanaplant.fi\/sv\/wp-json\/wp\/v2\/types\/page"}],"author":[{"embeddable":true,"href":"https:\/\/mellanaplant.fi\/sv\/wp-json\/wp\/v2\/users\/1"}],"replies":[{"embeddable":true,"href":"https:\/\/mellanaplant.fi\/sv\/wp-json\/wp\/v2\/comments?post=267"}],"version-history":[{"count":5,"href":"https:\/\/mellanaplant.fi\/sv\/wp-json\/wp\/v2\/pages\/267\/revisions"}],"predecessor-version":[{"id":1441,"href":"https:\/\/mellanaplant.fi\/sv\/wp-json\/wp\/v2\/pages\/267\/revisions\/1441"}],"wp:attachment":[{"href":"https:\/\/mellanaplant.fi\/sv\/wp-json\/wp\/v2\/media?parent=267"}],"curies":[{"name":"wp","href":"https:\/\/api.w.org\/{rel}","templated":true}]}}