{"id":1165,"date":"2025-02-10T11:12:53","date_gmt":"2025-02-10T11:12:53","guid":{"rendered":"https:\/\/mellanaplant.fi\/integritetspolicy\/"},"modified":"2025-09-25T06:31:51","modified_gmt":"2025-09-25T06:31:51","slug":"integritetspolicy","status":"publish","type":"page","link":"https:\/\/mellanaplant.fi\/sv\/integritetspolicy\/","title":{"rendered":"Integritetspolicy"},"content":{"rendered":"<div class=\"et_pb_section_0 et_pb_section et_section_regular et_block_section\">\n<div class=\"et_pb_row_0 et_pb_row et_flex_row\">\n<div class=\"et_pb_column_0 et_pb_column et_block_column et_pb_column_empty et_pb_css_mix_blend_mode_passthrough et_flex_column_24_24 et_flex_column_24_24_tablet et_flex_column_24_24_phone et_flex_column_24_24_phoneWide et_flex_column_24_24_tabletWide et_flex_column_24_24_widescreen et_flex_column_24_24_ultraWide\"><\/div>\n\n<div class=\"et_pb_column_1 et_pb_column et_flex_column et_pb_css_mix_blend_mode_passthrough et_flex_column_24_24 et_flex_column_24_24_tablet et_flex_column_24_24_phone et_flex_column_24_24_phoneWide et_flex_column_24_24_tabletWide et_flex_column_24_24_widescreen et_flex_column_24_24_ultraWide\">\n<div class=\"et_pb_text_0 et_pb_text et_pb_bg_layout_light et_pb_module et_flex_module\"><div class=\"et_pb_text_inner\"><h1>Integritetspolicy<\/h1>\n<\/div><\/div>\n<\/div>\n\n<div class=\"et_pb_column_2 et_pb_column et-last-child et_flex_column et_pb_column_empty et_pb_css_mix_blend_mode_passthrough et_flex_column_24_24 et_flex_column_24_24_tablet et_flex_column_24_24_phone et_flex_column_24_24_phoneWide et_flex_column_24_24_tabletWide et_flex_column_24_24_widescreen et_flex_column_24_24_ultraWide\"><\/div>\n<\/div>\n<\/div>\n\n<div class=\"et_pb_section_1 et_pb_section et_section_regular et_block_section\">\n<div class=\"et_pb_row_1 et_pb_row et_block_row\">\n<div class=\"et_pb_column_3 et_pb_column et_pb_column_3_5 et_block_column et_pb_css_mix_blend_mode_passthrough\">\n<div class=\"et_pb_text_1 et_pb_text et_pb_bg_layout_light et_pb_module et_flex_module\"><div class=\"et_pb_text_inner\"><div class=\"et_pb_column et_pb_column_1_2 et_pb_column_1 et_pb_css_mix_blend_mode_passthrough et-last-child\">\n<div class=\"et_pb_module et_pb_text et_pb_text_1 et_pb_text_align_left et_pb_bg_layout_light\">\n<div class=\"et_pb_text_inner\">\n<p><strong>Dataskyddsbeskrivning<\/strong><br \/>(Uppdaterad 16.9.2025)<\/p>\n<p><strong>Ansvarig organisation<\/strong><br \/><em>Ab Mellan\u00e5 Plant Oy, FO-nummer: 2409599-9, Mellan\u00e5ntie 33, 64320 Dagsmark \/ Kristinestad<\/em><\/p>\n<p><strong>Ansvarsperson inom organisationen<\/strong><br \/><em>Rainer Bodman, vd<\/em><\/p>\n<p><em>Kontaktuppgifter: 06-229 2211 <a href=\"&#x6d;&#x61;&#105;l&#x74;&#x6f;&#58;&#105;n&#x66;&#x6f;&#64;&#109;e&#x6c;&#x6c;&#97;na&#x70;&#x6c;&#97;n&#x74;&#x2e;&#102;&#105;\">i&#110;&#102;&#111;&#x40;&#x6d;&#x65;ll&#97;&#110;&#x61;&#x70;&#x6c;&#x61;nt&#46;&#102;&#x69;<\/a><\/em><\/p>\n<p><strong>\u00c4ndam\u00e5l med personuppgiftsbehandlingen<\/strong><br \/><em>Kontaktuppgifter f\u00f6r att kunna fakturera samt kontakta kunderna vid behov.<\/em> <em>Vanligtvis samlas personuppgifterna in direkt fr\u00e5n dig i samband med att du best\u00e4ller en tj\u00e4nst av oss, endera via kontaktformul\u00e4ret p\u00e5 v\u00e5r hemsida, via telefon eller via e-postmeddelande. Ibland beh\u00f6ver vi ytterligare information f\u00f6r att h\u00e5lla uppgifterna aktuella eller kontrollera att uppgifterna vi har \u00e4r korrekta, detta g\u00f6r vi genom att kolla uppgifterna i bl.a <a href=\"https:\/\/www.ytj.fi\" target=\"_blank\" rel=\"noopener\">YTJ:s f\u00f6rtags- och organisationsdatasystem<\/a>. <\/em><\/p>\n<p><em>Vi kan ocks\u00e5 samla information fr\u00e5n dig genom \u00e5terkoppling eller annan interaktion via v\u00e5ra digitala kanaler som vi anv\u00e4nder f\u00f6r interaktion. Dessa lagras och registreras f\u00f6r verifiering av uppdrag, f\u00f6r dokumentation samt kvalitets- och utvecklingssyfte. Av s\u00e4kerhetssk\u00e4l har vi kamera\u00f6vervakning vid v\u00e5rt kontor. <\/em><\/p>\n<p><strong>Personuppgifter som behandlas<\/strong><br \/><em>Namn, adress, telefonnummer och e-postadress.<\/em><\/p>\n<p><strong>Mottagare av personuppgifterna<\/strong><br \/><em>Personuppgifterna hanteras av Ab Mellan\u00e5 Plant Oy:s vd. Uppgifterna i kundregistret \u00f6verl\u00e4mnas inte till andra parter, f\u00f6rutom kontaktuppgifter som syns p\u00e5 en faktura, vilket \u00f6verl\u00e4mnas till Ab Mellan\u00e5 Plant Oy:s bokf\u00f6ringsbyr\u00e5. <\/em><\/p>\n<p><strong>Lagringsperioden<\/strong><br \/><em>Uppgifterna lagras tills vidare i kundregistret och uppgifterna p\u00e5 fakturor enligt bokf\u00f6rningslagen.<\/em><\/p>\n<p><strong>R\u00e4ttigheter<\/strong><br \/><em>Personer som finns i kundregistret har r\u00e4tt att beg\u00e4ra tillg\u00e5ng till och r\u00e4ttelse av sina uppgifter. Personerna har ocks\u00e5 r\u00e4tt att beg\u00e4ra radering av sina uppgifter. <\/em> Inneh\u00e5llet i denna beskrivning baserar sig p\u00e5 Dataskyddslagen i Finland (RP 9\/2018) och den allm\u00e4nna dataskyddsf\u00f6rordningen i EU (2016\/679).<\/p>\n<\/div>\n<\/div>\n<\/div>\n<\/div><\/div>\n<\/div>\n\n<div class=\"et_pb_column_4 et_pb_column et_pb_column_2_5 et-last-child et_block_column et_pb_css_mix_blend_mode_passthrough\">\n<div class=\"et_pb_image_0 et_pb_image et_pb_module et_flex_module\"><span class=\"et_pb_image_wrap\"><img loading=\"lazy\" decoding=\"async\" src=\"https:\/\/mellanaplant.fi\/wp-content\/uploads\/2025\/03\/Lagen.jpg\" width=\"1417\" height=\"1890\" srcset=\"https:\/\/mellanaplant.fi\/wp-content\/uploads\/2025\/03\/Lagen.jpg 1417w, https:\/\/mellanaplant.fi\/wp-content\/uploads\/2025\/03\/Lagen-1280x1707.jpg 1280w, https:\/\/mellanaplant.fi\/wp-content\/uploads\/2025\/03\/Lagen-980x1307.jpg 980w, https:\/\/mellanaplant.fi\/wp-content\/uploads\/2025\/03\/Lagen-480x640.jpg 480w\" sizes=\"(min-width: 0px) and (max-width: 480px) 480px, (min-width: 481px) and (max-width: 980px) 980px, (min-width: 981px) and (max-width: 1280px) 1280px, (min-width: 1281px) 1417px, 100vw\" class=\"wp-image-138\" title=\"Lagen\" \/><\/span><\/div>\n<\/div>\n<\/div>\n<\/div>","protected":false},"excerpt":{"rendered":"","protected":false},"author":1,"featured_media":0,"parent":0,"menu_order":0,"comment_status":"closed","ping_status":"closed","template":"","meta":{"footnotes":""},"class_list":["post-1165","page","type-page","status-publish","hentry"],"_links":{"self":[{"href":"https:\/\/mellanaplant.fi\/sv\/wp-json\/wp\/v2\/pages\/1165","targetHints":{"allow":["GET"]}}],"collection":[{"href":"https:\/\/mellanaplant.fi\/sv\/wp-json\/wp\/v2\/pages"}],"about":[{"href":"https:\/\/mellanaplant.fi\/sv\/wp-json\/wp\/v2\/types\/page"}],"author":[{"embeddable":true,"href":"https:\/\/mellanaplant.fi\/sv\/wp-json\/wp\/v2\/users\/1"}],"replies":[{"embeddable":true,"href":"https:\/\/mellanaplant.fi\/sv\/wp-json\/wp\/v2\/comments?post=1165"}],"version-history":[{"count":4,"href":"https:\/\/mellanaplant.fi\/sv\/wp-json\/wp\/v2\/pages\/1165\/revisions"}],"predecessor-version":[{"id":1421,"href":"https:\/\/mellanaplant.fi\/sv\/wp-json\/wp\/v2\/pages\/1165\/revisions\/1421"}],"wp:attachment":[{"href":"https:\/\/mellanaplant.fi\/sv\/wp-json\/wp\/v2\/media?parent=1165"}],"curies":[{"name":"wp","href":"https:\/\/api.w.org\/{rel}","templated":true}]}}