{"id":1015,"date":"2025-08-25T11:49:39","date_gmt":"2025-08-25T11:49:39","guid":{"rendered":"https:\/\/mellanaplant.fi\/vanliga-fragor-och-svar\/"},"modified":"2026-04-01T19:28:58","modified_gmt":"2026-04-01T19:28:58","slug":"vanliga-fragor-och-svar","status":"publish","type":"page","link":"https:\/\/mellanaplant.fi\/sv\/vanliga-fragor-och-svar\/","title":{"rendered":"Vanliga fr\u00e5gor och svar"},"content":{"rendered":"<div class=\"et_pb_section_0 et_pb_section et_section_regular et_block_section\">\n<div class=\"et_pb_row_0 et_pb_row et_flex_row\">\n<div class=\"et_pb_column_0 et_pb_column et_block_column et_pb_column_empty et_pb_css_mix_blend_mode_passthrough et_flex_column_1_5 et_flex_column_1_5_tablet et_flex_column_24_24_phone et_flex_column_24_24_phoneWide et_flex_column_1_5_tabletWide et_flex_column_1_5_widescreen et_flex_column_1_5_ultraWide\"><\/div>\n\n<div class=\"et_pb_column_1 et_pb_column et_flex_column et_pb_css_mix_blend_mode_passthrough et_flex_column_3_5 et_flex_column_3_5_tablet et_flex_column_24_24_phone et_flex_column_24_24_phoneWide et_flex_column_3_5_tabletWide et_flex_column_3_5_widescreen et_flex_column_3_5_ultraWide\">\n<div class=\"et_pb_text_0 et_pb_text et_pb_bg_layout_light et_pb_module et_block_module\"><div class=\"et_pb_text_inner\"><h1>Vanliga fr\u00e5gor och svar<\/h1>\n<\/div><\/div>\n<\/div>\n\n<div class=\"et_pb_column_2 et_pb_column et-last-child et_flex_column et_pb_column_empty et_pb_css_mix_blend_mode_passthrough et_flex_column_1_5 et_flex_column_1_5_tablet et_flex_column_24_24_phone et_flex_column_24_24_phoneWide et_flex_column_1_5_tabletWide et_flex_column_1_5_widescreen et_flex_column_1_5_ultraWide\"><\/div>\n<\/div>\n<\/div>\n\n<div class=\"et_pb_section_1 et_pb_section et_section_regular et_block_section\">\n<div class=\"et_pb_row_1 et_pb_row et_flex_row\">\n<div class=\"et_pb_column_3 et_pb_column et-last-child et_flex_column et_pb_css_mix_blend_mode_passthrough et_flex_column_24_24 et_flex_column_24_24_tablet et_flex_column_24_24_phone et_flex_column_24_24_phoneWide et_flex_column_24_24_tabletWide et_flex_column_24_24_widescreen et_flex_column_24_24_ultraWide\">\n<div class=\"et_pb_toggle_0 et_pb_toggle et_pb_toggle_item et_pb_toggle_close et_pb_module et_block_module\"><h5 class=\"et_pb_toggle_title\">S\u00e4ljer Mellan\u00e5 Plant plantor direkt till skogs\u00e4gare?<\/h5><div class=\"et_pb_toggle_content clearfix\"><p>Mellan\u00e5 Plant har ingen detaljhandel, utan plantorna s\u00e4ljs p\u00e5 kontraktsbasis till grossistkunder. Vi rekommenderar att skogs\u00e4gare kontaktar sin lokala skogsexpert i god tid f\u00f6re planteringen, helst ca. 6 m\u00e5nader i f\u00f6rv\u00e4g.<\/p>\n<\/div><\/div>\n\n<div class=\"et_pb_toggle_1 et_pb_toggle et_pb_toggle_item et_pb_toggle_close et_pb_module et_block_module\"><h5 class=\"et_pb_toggle_title\">N\u00e4r g\u00e5r det att plantera skogsplantor?<\/h5><div class=\"et_pb_toggle_content clearfix\"><p>Skogsplantor kan planteras fr\u00e5n v\u00e5ren, n\u00e4r k\u00e4len har g\u00e5tt ur jorden, fram till h\u00f6sten. Kontakta din lokala skogsexpert f\u00f6r att ta reda p\u00e5 n\u00e4r det \u00e4r b\u00e4st att plantera plantor.<\/p>\n<\/div><\/div>\n\n<div class=\"et_pb_toggle_2 et_pb_toggle et_pb_toggle_item et_pb_toggle_close et_pb_module et_block_module\"><h5 class=\"et_pb_toggle_title\">Finns det n\u00e5got s\u00e4rskilt att t\u00e4nka p\u00e5 n\u00e4r man planterar skogsplantor?<\/h5><div class=\"et_pb_toggle_content clearfix\"><p><span data-teams=\"true\">Plantering av skogsplantor beror p\u00e5 s\u00e4song och plats - h\u00e4r \u00e4r n\u00e5gra anv\u00e4ndbara tips <a href=\"https:\/\/mellanaplant.fi\/sv\/hantering-och-forvaring-av-plantor\/\"><strong>h\u00e4r<\/strong><\/a>.<\/span><\/p>\n<\/div><\/div>\n\n<div class=\"et_pb_toggle_3 et_pb_toggle et_pb_toggle_item et_pb_toggle_close et_pb_module et_block_module\"><h5 class=\"et_pb_toggle_title\">\u00c4r alla Mellan\u00e5 Plants plantor frusna vid leverans?<\/h5><div class=\"et_pb_toggle_content clearfix\"><p>De flesta av Mellan\u00e5 Plants plantor \u00e4r frusna vid leverans, men n\u00e4rmare sommaren och under h\u00f6sten levererar Mellan\u00e5 Plant \u00e4ven v\u00e4xande skogsplantor.<\/p>\n<p>&nbsp;<\/p>\n<\/div><\/div>\n<\/div>\n<\/div>\n<\/div>","protected":false},"excerpt":{"rendered":"","protected":false},"author":1,"featured_media":0,"parent":0,"menu_order":0,"comment_status":"closed","ping_status":"closed","template":"","meta":{"footnotes":""},"class_list":["post-1015","page","type-page","status-publish","hentry"],"_links":{"self":[{"href":"https:\/\/mellanaplant.fi\/sv\/wp-json\/wp\/v2\/pages\/1015","targetHints":{"allow":["GET"]}}],"collection":[{"href":"https:\/\/mellanaplant.fi\/sv\/wp-json\/wp\/v2\/pages"}],"about":[{"href":"https:\/\/mellanaplant.fi\/sv\/wp-json\/wp\/v2\/types\/page"}],"author":[{"embeddable":true,"href":"https:\/\/mellanaplant.fi\/sv\/wp-json\/wp\/v2\/users\/1"}],"replies":[{"embeddable":true,"href":"https:\/\/mellanaplant.fi\/sv\/wp-json\/wp\/v2\/comments?post=1015"}],"version-history":[{"count":5,"href":"https:\/\/mellanaplant.fi\/sv\/wp-json\/wp\/v2\/pages\/1015\/revisions"}],"predecessor-version":[{"id":1707,"href":"https:\/\/mellanaplant.fi\/sv\/wp-json\/wp\/v2\/pages\/1015\/revisions\/1707"}],"wp:attachment":[{"href":"https:\/\/mellanaplant.fi\/sv\/wp-json\/wp\/v2\/media?parent=1015"}],"curies":[{"name":"wp","href":"https:\/\/api.w.org\/{rel}","templated":true}]}}